{"id":90,"date":"2020-02-09T18:41:23","date_gmt":"2020-02-09T18:41:23","guid":{"rendered":"http:\/\/oldtimerklub-varazdin.hr\/?page_id=90"},"modified":"2020-03-22T09:03:38","modified_gmt":"2020-03-22T09:03:38","slug":"pogodnosti-za-clanove","status":"publish","type":"page","link":"https:\/\/oldtimerklub-varazdin.hr\/?page_id=90","title":{"rendered":"Pogodnosti za \u010dlanove"},"content":{"rendered":"\n<blockquote class=\"wp-block-quote is-style-large is-layout-flow wp-block-quote-is-layout-flow\"><p><strong>Va\u017ena napomena!<\/strong><\/p><p>Informacije o popustima i pogodnostima su zastarjele tako da ih uzimate s rezervom. Odgovorne osobe kluba \u0107e provjeriti informacije \u010dim se uka\u017ee prilika. <\/p><\/blockquote>\n\n\n\n<figure class=\"wp-block-table\"><table class=\"\"><tbody><tr><td>\n<h1>Popusti vrijede<\/h1>\n<\/td><\/tr><\/tbody><\/table><\/figure>\n\n\n\n<figure class=\"wp-block-table\"><table class=\"\"><tbody><tr><td>isklju\u010divo za \u010dlanove OK Vara\u017edin 2 uz predo\u010denje iskaznice.<br><br>Raspon popusta kre\u0107e se od 20 &#8211; 40 %.<\/td><\/tr><\/tbody><\/table><\/figure>\n\n\n\n<figure class=\"wp-block-table\"><table class=\"\"><tbody><tr><td>\n<h2>Auto dijelovi TOKI\u0106<\/h2>\n<\/td><\/tr><\/tbody><\/table><\/figure>\n\n\n\n<figure class=\"wp-block-table\"><table class=\"\"><tbody><tr><td>Auto dijelovi TOKI\u0106<br>Optujska 169<br>Vara\u017edin<br><br><br>popustna grupa 25-40 % u zavisnosti od dijelova<\/td><\/tr><\/tbody><\/table><\/figure>\n\n\n\n<figure class=\"wp-block-table\"><table class=\"\"><tbody><tr><td>\n<h2>Tkalec servis i dijelovi<\/h2>\n<\/td><\/tr><\/tbody><\/table><\/figure>\n\n\n\n<figure class=\"wp-block-table\"><table class=\"\"><tbody><tr><td>Krajem 2013 godine dogovorena je suradnja sa tvrtkom Tkal\u010dec autodijelovi i servis iz Sra\u010dinca.<br><br>\u010clanovi OK Vara\u017edin 2 uz predo\u010denje iskaznice kluba u mogu\u0107nosti su ostvariti odre\u0111ene povoljnosti&nbsp; za svoje stare i&nbsp; nove limene ljubimce kako slijedi:<br><br>&nbsp;&#8211; rabat od 20 % na dijelove<br>&nbsp;&#8211; rabat od 15 % na akumulatore<br><br>Rabat se odnosi na sve vrste pla\u0107anja: gotovina, maestro katice i obro\u010dno pla\u0107anje ( Zagreba\u010dka banka )<br><br>Za robu koja se nalazi na akciji ne postoji mogu\u0107nost odobrenja dodatnog rabata.<br><br><br>Ni\u017ee navodimo lik stranice , te osobitu pozornost skre\u0107emo na on-line kataloge za dijelove koji se nalaze na po\u010detnoj stranici.<br><br><a href=\"https:\/\/web.archive.org\/web\/20170301002108\/http:\/\/tkalcec.hr\/\">http:\/\/tkalcec.hr\/<\/a> <br><br><\/td><\/tr><\/tbody><\/table><\/figure>\n\n\n\n<figure class=\"wp-block-table\"><table class=\"\"><tbody><tr><td>\n<h2>Auto ku\u0107a Buni\u0107<\/h2>\n<\/td><\/tr><\/tbody><\/table><\/figure>\n\n\n\n<figure class=\"wp-block-table\"><table class=\"\"><tbody><tr><td>Na temelju me\u0111usobnih razgovora dostavljam pregled pogodnosti koje na\u0161a tvrtka mo\u017ee ponuditi \u010dlanovima OTK Vara\u017edin 2. &nbsp; &nbsp; De i monta\u017ea guma te balansiranje na osobnim, terenskim i dostavnim vozilima po cijeni &#8211; \u010deli\u010dna felga 40 kuna\/kom neovisno o dimenziji &#8211; ALU felga 80 kuna\/kom neovisno o dimenziji &nbsp; -originalni Mercedes Benz dijelovi 10-15 % popusta -originalni dijelovi za marke Chrysler, Jeep, Dodge, Lancia (FIAT) 15-20 % -zamjenski dijelovi za razne tipove 15-25 % ovisno o dobavlja\u010du -motorna ulja 20-30 % -povoljni uvjeti mehani\u010darskih i limarskih radova (cijena ovisi o koli\u010dini utro\u0161enih sati, hitnosti i slo\u017eenosti popravka, s time da bi ve\u0107i popravci i popravci koji nisu hitni imali ni\u017eu cijenu radnog sata) -prijevoz vozila vu\u010dnom slu\u017ebom (cijena bi se dogovarala ovisno o relaciji i terminu prijevoza) -kupnja guma raznih proizvo\u0111a\u010da &nbsp; &nbsp; S obzirom na \u0161irinu ponude i razne specifi\u010dnosti te\u0161ko mi je sve detaljno navesti, predla\u017eem da se u slu\u010daju potrebe \u010dlanovi jave direktno meni putem e-maila ili osobno gdje bi na konkretnom slu\u010daju poku\u0161ali na\u0107i najbolje i najpovoljnije rje\u0161enje. &nbsp; Ujedno napominjem da se ponuda odnosi na \u010dlanove OTK Vara\u017edin 2 i nije vezana isklju\u010divo za oldtimer vozila . &nbsp; <br>&nbsp; Zdenko Buni\u0107 Auto Ku\u0107a Buni\u0107 d.o.o. Ku\u010danska 21, 42000 Vara\u017edin Tel: 042\/305-814 Fax: 042\/305-811 e-mail: <a href=\"mailto:zdenko.bunic@auto-kuca-bunic.hr\">zdenko.bunic@auto-kuca-bunic.hr<\/a> www.auto-kuca-bunic.hr<\/td><\/tr><\/tbody><\/table><\/figure>\n\n\n\n<figure class=\"wp-block-table\"><table class=\"\"><tbody><tr><td>\n<h2>LADI\u0106<\/h2>\n<\/td><\/tr><\/tbody><\/table><\/figure>\n\n\n\n<figure class=\"wp-block-table\"><table class=\"\"><tbody><tr><td>Kri\u017eani\u0107eva 27, tel: 042\/212-868<\/td><\/tr><\/tbody><\/table><\/figure>\n\n\n\n<figure class=\"wp-block-table\"><table class=\"\"><tbody><tr><td>\n<h2>ROGINA &#8211; brtve<\/h2>\n<\/td><\/tr><\/tbody><\/table><\/figure>\n\n\n\n<figure class=\"wp-block-table\"><table class=\"\"><tbody><tr><td><a href=\"https:\/\/web.archive.org\/web\/20170301002108\/http:\/\/www.oldtimerklub-varazdin.hr\/index.php?option=com_docman&amp;task=doc_download&amp;gid=83&amp;Itemid=\">ROGINA BRTVE<\/a><br><br>Pogledajte detalje &#8211; izrada brtvi za motore i industrijske strojeve<\/td><\/tr><\/tbody><\/table><\/figure>\n\n\n\n<figure class=\"wp-block-table\"><table class=\"\"><tbody><tr><td>\n<h2>AUTO KRE\u0160O &#8211; novi popust !!<\/h2>\n<\/td><\/tr><\/tbody><\/table><\/figure>\n\n\n\n<figure class=\"wp-block-table\"><table class=\"\"><tbody><tr><td>Novo dogovoreno sa Auto Kre\u0161o trgovinom rezervnih dijelova . NOVI&nbsp; POPUST 30 % !!!<\/td><\/tr><\/tbody><\/table><\/figure>\n\n\n\n<figure class=\"wp-block-table\"><table class=\"\"><tbody><tr><td>\n<h2>SZAKAL METAL d.o.o.<\/h2>\n<\/td><\/tr><\/tbody><\/table><\/figure>\n\n\n\n<figure class=\"wp-block-table\"><table class=\"\"><tbody><tr><td>SZAKAL METAL d.o.o. &#8211; Mi\u0161kinina bb &#8211;&nbsp; uvoznici za dijelove \u2013motorna grupa (le\u017eajevi, karike, pumpe, ko\u010dioni sistemi , semerinzi, brtvila i ostalo). Uvoznici su ulja \u2013 japanske marke \u2013 kvalitetna ulja &nbsp; &#8211; na sva ulja daju nam popust od 30 % (Castrol, Mobil, Valvoline, i ostalo.) &#8211; popust 30 % na sav njihov program osim dijelova koji su trenutno na akciji &#8211; na kompletne glave motora daju popust&nbsp; 20% &nbsp; Mogu\u0107nost naru\u010divanja dijelova ( \u010dak i originalnih ) sa rokom isporuke od 2 dana. &nbsp;<\/td><\/tr><\/tbody><\/table><\/figure>\n\n\n\n<figure class=\"wp-block-table\"><table class=\"\"><tbody><tr><td>\n<h2>QUIRINIUS d.o.o.<\/h2>\n<\/td><\/tr><\/tbody><\/table><\/figure>\n\n\n\n<figure class=\"wp-block-table\"><table class=\"\"><tbody><tr><td>Quirinius d.o.o. &#8211; ulica Optujska&nbsp; ( prija\u0161nji Citroen ) &#8211;&nbsp; BOSCH servis.&nbsp; &#8211; popust 20 % na usluge servisa &nbsp; &nbsp; Djelatnost &#8211; servis svih BOSCH sklopova koji se nalaze u automobilima &#8211; \u010di\u0161\u010denje injektora &#8211; bosch pumpe, &#8211; ko\u010dioni sistemi &#8211; \u010di\u0161\u010denje karburatora-ultrazvu\u010dno 100% o\u010disti karburator i odmah ga podesi sa svim parametrima &#8211; optika-geometrija kota\u010da &#8211; servis ko\u010dionih sistema i ostalo<\/td><\/tr><\/tbody><\/table><\/figure>\n","protected":false},"excerpt":{"rendered":"<p>Va\u017ena napomena! Informacije o popustima i pogodnostima su zastarjele tako da ih uzimate s rezervom. Odgovorne osobe kluba \u0107e provjeriti&#8230;<\/p>\n","protected":false},"author":1,"featured_media":0,"parent":52,"menu_order":0,"comment_status":"closed","ping_status":"closed","template":"","meta":{"footnotes":""},"class_list":["post-90","page","type-page","status-publish","hentry"],"_links":{"self":[{"href":"https:\/\/oldtimerklub-varazdin.hr\/index.php?rest_route=\/wp\/v2\/pages\/90","targetHints":{"allow":["GET"]}}],"collection":[{"href":"https:\/\/oldtimerklub-varazdin.hr\/index.php?rest_route=\/wp\/v2\/pages"}],"about":[{"href":"https:\/\/oldtimerklub-varazdin.hr\/index.php?rest_route=\/wp\/v2\/types\/page"}],"author":[{"embeddable":true,"href":"https:\/\/oldtimerklub-varazdin.hr\/index.php?rest_route=\/wp\/v2\/users\/1"}],"replies":[{"embeddable":true,"href":"https:\/\/oldtimerklub-varazdin.hr\/index.php?rest_route=%2Fwp%2Fv2%2Fcomments&post=90"}],"version-history":[{"count":4,"href":"https:\/\/oldtimerklub-varazdin.hr\/index.php?rest_route=\/wp\/v2\/pages\/90\/revisions"}],"predecessor-version":[{"id":304,"href":"https:\/\/oldtimerklub-varazdin.hr\/index.php?rest_route=\/wp\/v2\/pages\/90\/revisions\/304"}],"up":[{"embeddable":true,"href":"https:\/\/oldtimerklub-varazdin.hr\/index.php?rest_route=\/wp\/v2\/pages\/52"}],"wp:attachment":[{"href":"https:\/\/oldtimerklub-varazdin.hr\/index.php?rest_route=%2Fwp%2Fv2%2Fmedia&parent=90"}],"curies":[{"name":"wp","href":"https:\/\/api.w.org\/{rel}","templated":true}]}}