{"id":76,"date":"2020-02-07T14:34:48","date_gmt":"2020-02-07T14:34:48","guid":{"rendered":"http:\/\/oldtimerklub-varazdin.hr\/?page_id=76"},"modified":"2026-03-11T18:13:23","modified_gmt":"2026-03-11T18:13:23","slug":"dokumenti","status":"publish","type":"page","link":"https:\/\/oldtimerklub-varazdin.hr\/?page_id=76","title":{"rendered":"\u010clanstvo"},"content":{"rendered":"\n<h1 class=\"wp-block-heading\"><span style=\"color: #999999;\">Kako postati \u010dlan?<\/span><\/h1>\n\n\n\n<p><span style=\"color: #999999;\">\u010clanom se postaje uplatom jednokratne upisnine (30\u20ac) i \u010dlanarine (30\u20ac) za teku\u0107u godinu. <strong>Osim uplate novi \u010dlanovi obavezno moraju ispuniti i pristupnicu.<\/strong> Simpatizerom se postaje uplatom \u010dlanarine (15\u20ac).<\/span><\/p>\n\n\n\n<p><span style=\"color: #999999;\">Primjeri uplatnica s bar kodom koji se mo\u017ee skenirati su u nastavku. Najbolje da kliknete na \u017eeljenu uplatnicu kako bi se samo ona prikazala. Svakako provjerite da li je kod to\u010dno o\u010ditan i dopunite IME PREZIME u opis pla\u0107anja.<\/span><\/p>\n\n\n\n<p><strong>\u010clanarina:<\/strong><\/p>\n\n\n\n<figure class=\"wp-block-image size-full\"><img loading=\"lazy\" decoding=\"async\" width=\"875\" height=\"376\" src=\"https:\/\/oldtimerklub-varazdin.hr\/wp-content\/uploads\/2026\/03\/clan26.jpg\" alt=\"\" class=\"wp-image-4073\" srcset=\"https:\/\/oldtimerklub-varazdin.hr\/wp-content\/uploads\/2026\/03\/clan26.jpg 875w, https:\/\/oldtimerklub-varazdin.hr\/wp-content\/uploads\/2026\/03\/clan26-300x129.jpg 300w, https:\/\/oldtimerklub-varazdin.hr\/wp-content\/uploads\/2026\/03\/clan26-768x330.jpg 768w\" sizes=\"auto, (max-width: 875px) 100vw, 875px\" \/><\/figure>\n\n\n\n<p><strong>Simpatizer:<\/strong><\/p>\n\n\n\n<figure class=\"wp-block-image size-full\"><img loading=\"lazy\" decoding=\"async\" width=\"895\" height=\"371\" src=\"https:\/\/oldtimerklub-varazdin.hr\/wp-content\/uploads\/2026\/03\/simpa.png\" alt=\"\" class=\"wp-image-4075\" srcset=\"https:\/\/oldtimerklub-varazdin.hr\/wp-content\/uploads\/2026\/03\/simpa.png 895w, https:\/\/oldtimerklub-varazdin.hr\/wp-content\/uploads\/2026\/03\/simpa-300x124.png 300w, https:\/\/oldtimerklub-varazdin.hr\/wp-content\/uploads\/2026\/03\/simpa-768x318.png 768w\" sizes=\"auto, (max-width: 895px) 100vw, 895px\" \/><\/figure>\n\n\n\n<p><strong>Novi \u010dlan:<\/strong><\/p>\n\n\n\n<figure class=\"wp-block-image size-full\"><img loading=\"lazy\" decoding=\"async\" width=\"886\" height=\"365\" src=\"https:\/\/oldtimerklub-varazdin.hr\/wp-content\/uploads\/2026\/03\/noviclan.png\" alt=\"\" class=\"wp-image-4076\" srcset=\"https:\/\/oldtimerklub-varazdin.hr\/wp-content\/uploads\/2026\/03\/noviclan.png 886w, https:\/\/oldtimerklub-varazdin.hr\/wp-content\/uploads\/2026\/03\/noviclan-300x124.png 300w, https:\/\/oldtimerklub-varazdin.hr\/wp-content\/uploads\/2026\/03\/noviclan-768x316.png 768w\" sizes=\"auto, (max-width: 886px) 100vw, 886px\" \/><\/figure>\n\n\n\n<p><strong>Novi simpatizer:<\/strong><\/p>\n\n\n\n<figure class=\"wp-block-image size-full\"><img loading=\"lazy\" decoding=\"async\" width=\"873\" height=\"362\" src=\"https:\/\/oldtimerklub-varazdin.hr\/wp-content\/uploads\/2026\/03\/novasimpa.png\" alt=\"\" class=\"wp-image-4078\" srcset=\"https:\/\/oldtimerklub-varazdin.hr\/wp-content\/uploads\/2026\/03\/novasimpa.png 873w, https:\/\/oldtimerklub-varazdin.hr\/wp-content\/uploads\/2026\/03\/novasimpa-300x124.png 300w, https:\/\/oldtimerklub-varazdin.hr\/wp-content\/uploads\/2026\/03\/novasimpa-768x318.png 768w\" sizes=\"auto, (max-width: 873px) 100vw, 873px\" \/><\/figure>\n\n\n\n<h1 class=\"wp-block-heading\">Pristupnica<\/h1>\n\n\n\n<p>Za <span style=\"text-decoration: underline;\"><strong>nove<\/strong><\/span> \u010dlanove\/simpatizere kluba potvrda o uplati upisnine i\/ili \u010dlanarine je <span style=\"text-decoration: underline;\"><b>neva\u017ee\u0107a<\/b><\/span> ukoliko se ne ispuni pristupnica i dostavi klubu mailom, na sastanku u nedjelju ili po\u0161tom na adresu kluba.<\/p>\n\n\n\n<h1 class=\"wp-block-heading\"><a href=\"https:\/\/oldtimerklub-varazdin.hr\/wp-content\/uploads\/2026\/03\/OKV2_pristupnica_v2025.pdf\">Preuzimanje pristupnice<\/a><\/h1>\n\n\n\n<figure class=\"wp-block-gallery has-nested-images columns-default is-cropped wp-block-gallery-1 is-layout-flex wp-block-gallery-is-layout-flex\">\n<figure class=\"wp-block-image size-full\"><a href=\"https:\/\/oldtimerklub-varazdin.hr\/wp-content\/uploads\/2026\/03\/OKV2_pristupnica_v2025.pdf\"><img loading=\"lazy\" decoding=\"async\" width=\"643\" height=\"906\" data-id=\"4095\" src=\"https:\/\/oldtimerklub-varazdin.hr\/wp-content\/uploads\/2026\/03\/pristupnica_slika.jpg\" alt=\"\" class=\"wp-image-4095\" srcset=\"https:\/\/oldtimerklub-varazdin.hr\/wp-content\/uploads\/2026\/03\/pristupnica_slika.jpg 643w, https:\/\/oldtimerklub-varazdin.hr\/wp-content\/uploads\/2026\/03\/pristupnica_slika-213x300.jpg 213w\" sizes=\"auto, (max-width: 643px) 100vw, 643px\" \/><\/a><\/figure>\n<\/figure>\n\n\n\n<h1 class=\"wp-block-heading\">&nbsp;<\/h1>\n","protected":false},"excerpt":{"rendered":"<p>Kako postati \u010dlan? \u010clanom se postaje uplatom jednokratne upisnine (30\u20ac) i \u010dlanarine (30\u20ac) za teku\u0107u godinu. Osim uplate novi \u010dlanovi&#8230;<\/p>\n","protected":false},"author":1,"featured_media":0,"parent":52,"menu_order":0,"comment_status":"closed","ping_status":"closed","template":"","meta":{"footnotes":""},"class_list":["post-76","page","type-page","status-publish","hentry"],"_links":{"self":[{"href":"https:\/\/oldtimerklub-varazdin.hr\/index.php?rest_route=\/wp\/v2\/pages\/76","targetHints":{"allow":["GET"]}}],"collection":[{"href":"https:\/\/oldtimerklub-varazdin.hr\/index.php?rest_route=\/wp\/v2\/pages"}],"about":[{"href":"https:\/\/oldtimerklub-varazdin.hr\/index.php?rest_route=\/wp\/v2\/types\/page"}],"author":[{"embeddable":true,"href":"https:\/\/oldtimerklub-varazdin.hr\/index.php?rest_route=\/wp\/v2\/users\/1"}],"replies":[{"embeddable":true,"href":"https:\/\/oldtimerklub-varazdin.hr\/index.php?rest_route=%2Fwp%2Fv2%2Fcomments&post=76"}],"version-history":[{"count":28,"href":"https:\/\/oldtimerklub-varazdin.hr\/index.php?rest_route=\/wp\/v2\/pages\/76\/revisions"}],"predecessor-version":[{"id":4096,"href":"https:\/\/oldtimerklub-varazdin.hr\/index.php?rest_route=\/wp\/v2\/pages\/76\/revisions\/4096"}],"up":[{"embeddable":true,"href":"https:\/\/oldtimerklub-varazdin.hr\/index.php?rest_route=\/wp\/v2\/pages\/52"}],"wp:attachment":[{"href":"https:\/\/oldtimerklub-varazdin.hr\/index.php?rest_route=%2Fwp%2Fv2%2Fmedia&parent=76"}],"curies":[{"name":"wp","href":"https:\/\/api.w.org\/{rel}","templated":true}]}}