{"id":52,"date":"2020-02-04T22:08:15","date_gmt":"2020-02-04T22:08:15","guid":{"rendered":"http:\/\/oldtimerklub-varazdin.hr\/?page_id=52"},"modified":"2026-04-18T07:00:06","modified_gmt":"2026-04-18T07:00:06","slug":"kontakt","status":"publish","type":"page","link":"https:\/\/oldtimerklub-varazdin.hr\/?page_id=52","title":{"rendered":"Klub"},"content":{"rendered":"\n<figure class=\"wp-block-pullquote\"><blockquote><p>Oldtimer klub Vara\u017edin 2 mijenja ime u <strong>Oldtimer klub Vara\u017edin<\/strong><\/p><cite>15.04.2026.<\/cite><\/blockquote><\/figure>\n\n\n\n<p class=\"has-drop-cap has-very-light-gray-background-color has-background\"><strong>Oldtimer klub Vara\u017edin 2<\/strong> osnovan je s idejom o\u010duvanja tehni\u010dke kulture i rje\u0161enja koja su napu\u0161tena zbog svoje zastarjelosti. Na nagovor prijatelja i poznanika prof. \u017divko Skuhala kao poznati sakuplja\u010d i restaurator starih vozila koji se time bavi unatrag 30-tak godina, te kao osniva\u010d Motokluba AMD Vara\u017edin i BMW kluba Jugoslavije, 2003. godine osniva oldtimer klub Vara\u017edin 2. Kategorije starih vozila:<br><strong><br>Klasa A &#8211; Ancestor<\/strong> \u2013 vozila proizvedena do 31. prosinaca 1904. g.<br><strong>Klasa B &#8211; Veteran<\/strong> \u2013 vozila proizvedena od 01. sije\u010dnja 1905.g. do 31. prosinaca 1918.g.<br><strong>Klasa C &#8211; Vintage<\/strong> \u2013 vozila proizvedena od 01. sije\u010dnja 1919.g. do 31. prosinaca 1930.g.<br><strong>Klasa D \u2013 Post Vintage<\/strong> \u2013 vozila proizvedena od 01. sije\u010dnja 1931.g. do 31. prosinaca 1945.g.<br><strong>Klasa E \u2013 Post War<\/strong> \u2013 vozila proizvedena od 01. sije\u010dnja 1946.g. do 31. prosinaca 1960.g.<br><strong>Klasa F<\/strong> \u2013 vozila proizvedena od 01. sije\u010dnja 1961.g. do 31. prosinaca 1970.g.<br><strong>Klasa G1 <\/strong>\u2013 vozila proizvedena od 01. sije\u010dnja 1971.g. do 31. prosinaca 1980.g.<br><strong>Klasa G2 <\/strong>\u2013 vozila proizvedena od 01. sije\u010dnja 1981.g. do 31. prosinaca 1990.g.<br><strong>Klasa G3 <\/strong>\u2013 vozila proizvedena od 01. sije\u010dnja 1991.g. do 30 godina starosti<\/p>\n\n\n\n<p class=\"has-drop-cap has-very-light-gray-background-color has-background\">Svoje postojanje klub opravdava doga\u0111ajima koji promoviraju \u010duvanje  vozila u orginalu, restauriranje i prezentiranje stare tehni\u010dke kulture  preko susreta oldtimera, biciklijada, te izlo\u017ebi ( klub ima stalno  mjesto na \u0160pancirfestu ). Uz to organizira posjete muzejima i oldtimer  sajmovima. <\/p>\n\n\n\n<div class=\"wp-block-group\"><div class=\"wp-block-group__inner-container is-layout-flow wp-block-group-is-layout-flow\"><\/div><\/div>\n","protected":false},"excerpt":{"rendered":"<p>Oldtimer klub Vara\u017edin 2 mijenja ime u Oldtimer klub Vara\u017edin 15.04.2026. Oldtimer klub Vara\u017edin 2 osnovan je s idejom o\u010duvanja&#8230;<\/p>\n","protected":false},"author":1,"featured_media":0,"parent":0,"menu_order":0,"comment_status":"closed","ping_status":"closed","template":"","meta":{"footnotes":""},"class_list":["post-52","page","type-page","status-publish","hentry"],"_links":{"self":[{"href":"https:\/\/oldtimerklub-varazdin.hr\/index.php?rest_route=\/wp\/v2\/pages\/52","targetHints":{"allow":["GET"]}}],"collection":[{"href":"https:\/\/oldtimerklub-varazdin.hr\/index.php?rest_route=\/wp\/v2\/pages"}],"about":[{"href":"https:\/\/oldtimerklub-varazdin.hr\/index.php?rest_route=\/wp\/v2\/types\/page"}],"author":[{"embeddable":true,"href":"https:\/\/oldtimerklub-varazdin.hr\/index.php?rest_route=\/wp\/v2\/users\/1"}],"replies":[{"embeddable":true,"href":"https:\/\/oldtimerklub-varazdin.hr\/index.php?rest_route=%2Fwp%2Fv2%2Fcomments&post=52"}],"version-history":[{"count":12,"href":"https:\/\/oldtimerklub-varazdin.hr\/index.php?rest_route=\/wp\/v2\/pages\/52\/revisions"}],"predecessor-version":[{"id":4185,"href":"https:\/\/oldtimerklub-varazdin.hr\/index.php?rest_route=\/wp\/v2\/pages\/52\/revisions\/4185"}],"wp:attachment":[{"href":"https:\/\/oldtimerklub-varazdin.hr\/index.php?rest_route=%2Fwp%2Fv2%2Fmedia&parent=52"}],"curies":[{"name":"wp","href":"https:\/\/api.w.org\/{rel}","templated":true}]}}